{"id":281484,"date":"2022-07-08T09:35:15","date_gmt":"2022-07-08T07:35:15","guid":{"rendered":"https:\/\/www.s-bleyer-gmbh.de\/?page_id=281484"},"modified":"2022-10-13T11:57:20","modified_gmt":"2022-10-13T09:57:20","slug":"wheel-hub-fixation-mdv-3-5t-up-to-7-5t","status":"publish","type":"page","link":"https:\/\/www.s-bleyer-gmbh.de\/en\/vehicle-fixations\/wheel-hub-fixation-mdv-3-5t-up-to-7-5t\/","title":{"rendered":"Wheel hub fixation MDV 3.5 t up to 7.5 t"},"content":{"rendered":"<p>[et_pb_section fb_built=&#8221;1&#8243; _builder_version=&#8221;4.17.4&#8243; _module_preset=&#8221;default&#8221; global_colors_info=&#8221;{}&#8221; theme_builder_area=&#8221;post_content&#8221;][et_pb_row column_structure=&#8221;1_2,1_2&#8243; _builder_version=&#8221;4.16&#8243; _module_preset=&#8221;default&#8221; locked=&#8221;off&#8221; global_colors_info=&#8221;{}&#8221; theme_builder_area=&#8221;post_content&#8221;][et_pb_column type=&#8221;1_2&#8243; _builder_version=&#8221;4.16&#8243; _module_preset=&#8221;default&#8221; global_colors_info=&#8221;{}&#8221; theme_builder_area=&#8221;post_content&#8221;][et_pb_text _builder_version=&#8221;4.18.0&#8243; _module_preset=&#8221;default&#8221; hover_enabled=&#8221;0&#8243; global_colors_info=&#8221;{}&#8221; theme_builder_area=&#8221;post_content&#8221; sticky_enabled=&#8221;0&#8243;]<\/p>\n<h2>Wheel hub fixation for vehicles <br \/>over 3.5 t up to 7.5 t<\/h2>\n<p>[\/et_pb_text][et_pb_text ul_item_indent=&#8221;52px&#8221; _builder_version=&#8221;4.18.0&#8243; _module_preset=&#8221;default&#8221; hover_enabled=&#8221;0&#8243; global_colors_info=&#8221;{}&#8221; theme_builder_area=&#8221;post_content&#8221; sticky_enabled=&#8221;0&#8243;]<\/p>\n<h3>\u00a0Introduction<\/h3>\n<p>These variant of the vehicle fixation is a larger version of our car wheel hub fixation.<br \/>It is usable for vehicles over 3.5 t up to 7.5t maximum permissible weight.<\/p>\n<p>The connection is performed over the wheel hub and rim. The wheel bolts must be replaced step by step by thread adaptors. Finally a wheel rim adaptor is mounted.<br \/>Via fixation bearing, wheel hub rods as triangle and sliding anchors the vehicle is linked to the dynamometer. The connection is safe and without tension or play.<strong><\/strong><\/p>\n<p>To allow larger axial offsets from wheel rims (in case of deep rims) we supply a further adaptor ring to overcome this distance without too long thread adaptors. Therfore it is also possible to use dual tires for example.<\/p>\n<p>This kind of vehicle fixation is suitable to perform <strong>all types of test cycles and szenarios.<\/strong> It is usable with <strong>all vehicle types<\/strong> within the given weight category.<\/p>\n<p>&nbsp;<\/p>\n<p>[\/et_pb_text][\/et_pb_column][et_pb_column type=&#8221;1_2&#8243; _builder_version=&#8221;4.16&#8243; _module_preset=&#8221;default&#8221; global_colors_info=&#8221;{}&#8221; theme_builder_area=&#8221;post_content&#8221;][et_pb_image src=&#8221;https:\/\/www.s-bleyer-gmbh.de\/wp-content\/uploads\/Uebersicht-MDV-Fixierung-mit-Pruefstand_weiss_chrom.jpg&#8221; alt=&#8221;Tandeml\u00f6sung der Hubs\u00e4ulen&#8221; title_text=&#8221;Uebersicht-MDV-Fixierung-mit-Pruefstand_weiss_chrom&#8221; show_in_lightbox=&#8221;on&#8221; align=&#8221;center&#8221; _builder_version=&#8221;4.17.4&#8243; _module_preset=&#8221;default&#8221; custom_margin=&#8221;-100px||||false|false&#8221; custom_margin_tablet=&#8221;0px||||false|false&#8221; custom_margin_phone=&#8221;&#8221; custom_margin_last_edited=&#8221;on|tablet&#8221; animation_direction=&#8221;bottom&#8221; box_shadow_style=&#8221;preset1&#8243; global_colors_info=&#8221;{}&#8221; theme_builder_area=&#8221;post_content&#8221;][\/et_pb_image][\/et_pb_column][\/et_pb_row][et_pb_row column_structure=&#8221;1_2,1_2&#8243; _builder_version=&#8221;4.17.3&#8243; _module_preset=&#8221;default&#8221; locked=&#8221;off&#8221; global_colors_info=&#8221;{}&#8221; theme_builder_area=&#8221;post_content&#8221;][et_pb_column type=&#8221;1_2&#8243; _builder_version=&#8221;4.17.3&#8243; _module_preset=&#8221;default&#8221; global_colors_info=&#8221;{}&#8221; theme_builder_area=&#8221;post_content&#8221;][et_pb_text ul_item_indent=&#8221;52px&#8221; _builder_version=&#8221;4.18.0&#8243; _module_preset=&#8221;default&#8221; hover_enabled=&#8221;0&#8243; global_colors_info=&#8221;{}&#8221; theme_builder_area=&#8221;post_content&#8221; sticky_enabled=&#8221;0&#8243;]<\/p>\n<h3>Target group<\/h3>\n<p>[\/et_pb_text][et_pb_text ul_item_indent=&#8221;52px&#8221; _builder_version=&#8221;4.18.0&#8243; _module_preset=&#8221;default&#8221; hover_enabled=&#8221;0&#8243; global_colors_info=&#8221;{}&#8221; theme_builder_area=&#8221;post_content&#8221; sticky_enabled=&#8221;0&#8243;]<\/p>\n<p>Commercial vehicles, SUVs and pickups up to 7.5 t maximum permissible weight.<strong>\u00a0<\/strong><\/p>\n<p>&nbsp;<\/p>\n<p>This system is composed of:<\/p>\n<ul>\n<li>Sliding anchors<\/li>\n<li>Wheel hub rod and diagonal wheel hub rod<\/li>\n<li>Fixation bearing, wheel rim adaptors and thread adaptors<\/li>\n<li>additional safety is given from the form fit rod-arrest<\/li>\n<li>large axial wheel rim offset is possible with adaptor ring<\/li>\n<\/ul>\n<ul><\/ul>\n<p>[\/et_pb_text][\/et_pb_column][et_pb_column type=&#8221;1_2&#8243; _builder_version=&#8221;4.17.3&#8243; _module_preset=&#8221;default&#8221; global_colors_info=&#8221;{}&#8221; theme_builder_area=&#8221;post_content&#8221;][et_pb_text ul_item_indent=&#8221;52px&#8221; _builder_version=&#8221;4.18.0&#8243; _module_preset=&#8221;default&#8221; hover_enabled=&#8221;0&#8243; global_colors_info=&#8221;{}&#8221; theme_builder_area=&#8221;post_content&#8221; sticky_enabled=&#8221;0&#8243;]<\/p>\n<h3>Example<\/h3>\n<p>[\/et_pb_text][et_pb_image src=&#8221;https:\/\/www.s-bleyer-gmbh.de\/wp-content\/uploads\/F-650-mit-Pruefstand.jpg&#8221; title_text=&#8221;F 650 Mit Pr\u00fcfstand&#8221; show_in_lightbox=&#8221;on&#8221; _builder_version=&#8221;4.17.4&#8243; _module_preset=&#8221;default&#8221; global_colors_info=&#8221;{}&#8221; theme_builder_area=&#8221;post_content&#8221;][\/et_pb_image][\/et_pb_column][\/et_pb_row][et_pb_row _builder_version=&#8221;4.17.3&#8243; _module_preset=&#8221;default&#8221; locked=&#8221;off&#8221; global_colors_info=&#8221;{}&#8221; theme_builder_area=&#8221;post_content&#8221;][et_pb_column type=&#8221;4_4&#8243; _builder_version=&#8221;4.17.3&#8243; _module_preset=&#8221;default&#8221; global_colors_info=&#8221;{}&#8221; theme_builder_area=&#8221;post_content&#8221;][dnxte_divider dnext_sid_use_icon=&#8221;on&#8221; dnext_sid_img=&#8221;https:\/\/www.s-bleyer-gmbh.de\/wp-content\/uploads\/2021\/01\/favicon-bleyer-gmbh.png&#8221; dnext_sid_divider_color=&#8221;#0A97BD&#8221; _builder_version=&#8221;4.16&#8243; _module_preset=&#8221;default&#8221; custom_margin=&#8221;20px||20px||true|false&#8221; locked=&#8221;off&#8221; global_colors_info=&#8221;{}&#8221; theme_builder_area=&#8221;post_content&#8221;][\/dnxte_divider][\/et_pb_column][\/et_pb_row][et_pb_row _builder_version=&#8221;4.17.3&#8243; _module_preset=&#8221;default&#8221; custom_padding=&#8221;||3px|||&#8221; locked=&#8221;off&#8221; global_colors_info=&#8221;{}&#8221; theme_builder_area=&#8221;post_content&#8221;][et_pb_column type=&#8221;4_4&#8243; _builder_version=&#8221;4.16&#8243; _module_preset=&#8221;default&#8221; global_colors_info=&#8221;{}&#8221; theme_builder_area=&#8221;post_content&#8221;][et_pb_text _builder_version=&#8221;4.18.0&#8243; _module_preset=&#8221;default&#8221; background_layout=&#8221;dark&#8221; custom_margin=&#8221;||18px|||&#8221; custom_padding=&#8221;||1px|||&#8221; hover_enabled=&#8221;0&#8243; global_colors_info=&#8221;{}&#8221; theme_builder_area=&#8221;post_content&#8221; sticky_enabled=&#8221;0&#8243;]<\/p>\n<h2><span style=\"color: #000000;\">System size comparison<\/span><\/h2>\n<p>[\/et_pb_text][et_pb_image src=&#8221;https:\/\/www.s-bleyer-gmbh.de\/wp-content\/uploads\/Radnaben-Fixierung-Groessenvergleich-2.jpg&#8221; title_text=&#8221;Radnaben Fixierung Gr\u00f6\u00dfenvergleich&#8221; show_in_lightbox=&#8221;on&#8221; _builder_version=&#8221;4.17.4&#8243; _module_preset=&#8221;default&#8221; global_colors_info=&#8221;{}&#8221; theme_builder_area=&#8221;post_content&#8221;][\/et_pb_image][\/et_pb_column][\/et_pb_row][et_pb_row column_structure=&#8221;1_2,1_2&#8243; _builder_version=&#8221;4.17.4&#8243; _module_preset=&#8221;default&#8221; locked=&#8221;off&#8221; global_colors_info=&#8221;{}&#8221; theme_builder_area=&#8221;post_content&#8221;][et_pb_column type=&#8221;1_2&#8243; _builder_version=&#8221;4.17.4&#8243; _module_preset=&#8221;default&#8221; global_colors_info=&#8221;{}&#8221; theme_builder_area=&#8221;post_content&#8221;][et_pb_text _builder_version=&#8221;4.18.0&#8243; _module_preset=&#8221;default&#8221; header_3_text_color=&#8221;#FFFFFF&#8221; text_orientation=&#8221;center&#8221; background_layout=&#8221;dark&#8221; hover_enabled=&#8221;0&#8243; global_colors_info=&#8221;{}&#8221; theme_builder_area=&#8221;post_content&#8221; sticky_enabled=&#8221;0&#8243;]<\/p>\n<p style=\"text-align: left;\"><span style=\"color: #000000;\">The system of wheel rim fixation exists in 3 different sizes.<\/span><\/p>\n<p style=\"text-align: left;\"><span style=\"color: #000000;\">Because of that we can provide usability for all types of vehicles and requirements. <\/span><span style=\"color: #000000;\">From small cars up to trucks with 40 t.<\/span><\/p>\n<p>[\/et_pb_text][et_pb_text _builder_version=&#8221;4.18.0&#8243; _module_preset=&#8221;default&#8221; background_layout=&#8221;dark&#8221; hover_enabled=&#8221;0&#8243; global_colors_info=&#8221;{}&#8221; theme_builder_area=&#8221;post_content&#8221; sticky_enabled=&#8221;0&#8243;]<\/p>\n<ol>\n<li><a href=\"https:\/\/www.s-bleyer-gmbh.de\/en\/vehicle-fixations\/wheel-hub-fixation\/\">LDV variant up to 3.5 t maximum permissible weight<\/a><\/li>\n<li><a href=\"https:\/\/www.s-bleyer-gmbh.de\/en\/?page_id=281484\">MDV variant 3.5 t up to 7.5 t maximum permissible weight<\/a><\/li>\n<li><a href=\"https:\/\/www.s-bleyer-gmbh.de\/en\/?page_id=281469\">HDV variant up to 11 t load per axle<\/a><\/li>\n<\/ol>\n<p>[\/et_pb_text][\/et_pb_column][et_pb_column type=&#8221;1_2&#8243; _builder_version=&#8221;4.17.4&#8243; _module_preset=&#8221;default&#8221; global_colors_info=&#8221;{}&#8221; theme_builder_area=&#8221;post_content&#8221;][et_pb_image src=&#8221;https:\/\/www.s-bleyer-gmbh.de\/wp-content\/uploads\/Groessenvergleich-Fixierungssysteme-mit-Fahrzeug-1.png&#8221; title_text=&#8221;Gr\u00f6\u00dfenvergleich Fixierungssysteme Mit Fahrzeug&#8221; show_in_lightbox=&#8221;on&#8221; _builder_version=&#8221;4.17.4&#8243; _module_preset=&#8221;default&#8221; custom_margin=&#8221;-120px||||false|false&#8221; custom_margin_tablet=&#8221;0px||||false|false&#8221; custom_margin_phone=&#8221;0px||||false|false&#8221; custom_margin_last_edited=&#8221;on|desktop&#8221; locked=&#8221;off&#8221; global_colors_info=&#8221;{}&#8221; theme_builder_area=&#8221;post_content&#8221;][\/et_pb_image][\/et_pb_column][\/et_pb_row][\/et_pb_section][et_pb_section fb_built=&#8221;1&#8243; admin_label=&#8221;section&#8221; _builder_version=&#8221;4.16&#8243; custom_padding=&#8221;||85px|||&#8221; locked=&#8221;off&#8221; global_colors_info=&#8221;{}&#8221; theme_builder_area=&#8221;post_content&#8221;][et_pb_row _builder_version=&#8221;4.16&#8243; _module_preset=&#8221;default&#8221; global_colors_info=&#8221;{}&#8221; theme_builder_area=&#8221;post_content&#8221;][et_pb_column type=&#8221;4_4&#8243; _builder_version=&#8221;4.16&#8243; _module_preset=&#8221;default&#8221; global_colors_info=&#8221;{}&#8221; theme_builder_area=&#8221;post_content&#8221;][dnxte_divider dnext_sid_use_icon=&#8221;on&#8221; dnext_sid_img=&#8221;https:\/\/www.s-bleyer-gmbh.de\/wp-content\/uploads\/2021\/01\/favicon-bleyer-gmbh.png&#8221; dnext_sid_divider_color=&#8221;#0A97BD&#8221; _builder_version=&#8221;4.16&#8243; _module_preset=&#8221;default&#8221; custom_margin=&#8221;20px||20px||true|false&#8221; locked=&#8221;off&#8221; global_colors_info=&#8221;{}&#8221; theme_builder_area=&#8221;post_content&#8221;][\/dnxte_divider][\/et_pb_column][\/et_pb_row][et_pb_row column_structure=&#8221;1_2,1_2&#8243; _builder_version=&#8221;4.16&#8243; _module_preset=&#8221;default&#8221; global_colors_info=&#8221;{}&#8221; theme_builder_area=&#8221;post_content&#8221;][et_pb_column type=&#8221;1_2&#8243; _builder_version=&#8221;4.16&#8243; _module_preset=&#8221;default&#8221; global_colors_info=&#8221;{}&#8221; theme_builder_area=&#8221;post_content&#8221;][et_pb_text _builder_version=&#8221;4.17.4&#8243; _module_preset=&#8221;default&#8221; background_layout=&#8221;dark&#8221; custom_margin=&#8221;||18px|||&#8221; custom_padding=&#8221;0px|||||&#8221; locked=&#8221;off&#8221; global_colors_info=&#8221;{}&#8221; theme_builder_area=&#8221;post_content&#8221;]<\/p>\n<h4><span style=\"text-decoration: underline;\"><span style=\"color: #000000;\"><strong>Overview about complete fixation triangle<\/strong><\/span><\/span><\/h4>\n<p>[\/et_pb_text][et_pb_image src=&#8221;https:\/\/www.s-bleyer-gmbh.de\/wp-content\/uploads\/Fixier-Dreieck.jpg&#8221; title_text=&#8221;MDV-Fixier-Dreieck&#8221; show_in_lightbox=&#8221;on&#8221; _builder_version=&#8221;4.17.3&#8243; _module_preset=&#8221;default&#8221; max_height=&#8221;400px&#8221; global_colors_info=&#8221;{}&#8221; theme_builder_area=&#8221;post_content&#8221;][\/et_pb_image][et_pb_text _builder_version=&#8221;4.17.3&#8243; _module_preset=&#8221;default&#8221; global_colors_info=&#8221;{}&#8221; theme_builder_area=&#8221;post_content&#8221;]<\/p>\n<div style=\"padding-bottom: 10px;\" class=\"av-special-heading av-special-heading-h3    avia-builder-el-7  el_before_av_textblock  avia-builder-el-first  \">\n<h3 class=\"av-special-heading-tag \" itemprop=\"headline\">Complete fixation triangle<\/h3>\n<div class=\"special-heading-border\">\n<div class=\"special-heading-inner-border\">The rods are fitted in a rubberised rod collet to frictionally engage connection.<\/div>\n<div class=\"special-heading-inner-border\">Because of the increased load requirements additional rod arrest elements are used.<\/div>\n<\/div>\n<\/div>\n<p>[\/et_pb_text][\/et_pb_column][et_pb_column type=&#8221;1_2&#8243; _builder_version=&#8221;4.16&#8243; _module_preset=&#8221;default&#8221; global_colors_info=&#8221;{}&#8221; theme_builder_area=&#8221;post_content&#8221;][et_pb_text _builder_version=&#8221;4.18.0&#8243; _module_preset=&#8221;default&#8221; background_layout=&#8221;dark&#8221; custom_margin=&#8221;||18px|||&#8221; custom_padding=&#8221;0px|||||&#8221; hover_enabled=&#8221;0&#8243; locked=&#8221;off&#8221; global_colors_info=&#8221;{}&#8221; theme_builder_area=&#8221;post_content&#8221; sticky_enabled=&#8221;0&#8243;]<\/p>\n<h2>\u00a0<\/h2>\n<p>[\/et_pb_text][et_pb_image src=&#8221;https:\/\/www.s-bleyer-gmbh.de\/wp-content\/uploads\/Fixier-Dreieck_Uebersicht.jpg&#8221; alt=&#8221;Tandeml\u00f6sung der Hubs\u00e4ulen&#8221; title_text=&#8221;Fixier Dreieck \u00dcbersicht&#8221; show_in_lightbox=&#8221;on&#8221; _builder_version=&#8221;4.17.3&#8243; _module_preset=&#8221;default&#8221; min_height=&#8221;299px&#8221; max_height=&#8221;400px&#8221; global_colors_info=&#8221;{}&#8221; theme_builder_area=&#8221;post_content&#8221;][\/et_pb_image][et_pb_text _builder_version=&#8221;4.16&#8243; _module_preset=&#8221;default&#8221; locked=&#8221;off&#8221; global_colors_info=&#8221;{}&#8221; theme_builder_area=&#8221;post_content&#8221;]<\/p>\n<div style=\"padding-bottom: 10px;\" class=\"av-special-heading av-special-heading-h3    avia-builder-el-9  el_after_av_textblock  el_before_av_textblock  \">\n<h3 class=\"av-special-heading-tag \" itemprop=\"headline\">Important elements<\/h3>\n<p class=\"av-special-heading-tag \" itemprop=\"headline\">1. Sliding anchor<br \/>2. Rubberised rod collet<br \/>3. Wheel hub rod<br \/>4. Diagonal wheel hub rod<br \/>5. Fixation bearing<br \/>6. Wheel rim adaptor<br \/>7. Thread adaptor<br \/>8. Rod arrest<br \/>9. Fastener of rod collet<\/p>\n<\/div>\n<p>[\/et_pb_text][\/et_pb_column][\/et_pb_row][et_pb_row _builder_version=&#8221;4.17.3&#8243; _module_preset=&#8221;default&#8221; global_colors_info=&#8221;{}&#8221; theme_builder_area=&#8221;post_content&#8221;][et_pb_column type=&#8221;4_4&#8243; _builder_version=&#8221;4.17.3&#8243; _module_preset=&#8221;default&#8221; global_colors_info=&#8221;{}&#8221; theme_builder_area=&#8221;post_content&#8221;][dnxte_divider dnext_sid_use_icon=&#8221;on&#8221; dnext_sid_img=&#8221;https:\/\/www.s-bleyer-gmbh.de\/wp-content\/uploads\/2021\/01\/favicon-bleyer-gmbh.png&#8221; dnext_sid_divider_color=&#8221;#0A97BD&#8221; _builder_version=&#8221;4.16&#8243; _module_preset=&#8221;default&#8221; custom_margin=&#8221;20px||20px||true|false&#8221; locked=&#8221;off&#8221; global_colors_info=&#8221;{}&#8221; theme_builder_area=&#8221;post_content&#8221;][\/dnxte_divider][\/et_pb_column][\/et_pb_row][et_pb_row column_structure=&#8221;1_4,1_4,1_4,1_4&#8243; _builder_version=&#8221;4.16&#8243; _module_preset=&#8221;default&#8221; custom_padding=&#8221;29px|||||&#8221; global_colors_info=&#8221;{}&#8221; theme_builder_area=&#8221;post_content&#8221;][et_pb_column type=&#8221;1_4&#8243; _builder_version=&#8221;4.16&#8243; _module_preset=&#8221;default&#8221; global_colors_info=&#8221;{}&#8221; theme_builder_area=&#8221;post_content&#8221;][et_pb_image src=&#8221;https:\/\/www.s-bleyer-gmbh.de\/wp-content\/uploads\/MD-SA20-01-00-Schiebeanker-01_Uebersicht.jpg&#8221; title_text=&#8221;MD SA20 01 00 Schiebeanker 01 \u00dcbersicht&#8221; show_in_lightbox=&#8221;on&#8221; align=&#8221;center&#8221; _builder_version=&#8221;4.17.3&#8243; _module_preset=&#8221;default&#8221; max_height=&#8221;1000px&#8221; custom_css_main_element=&#8221;float:left;||margin-right: 25px;&#8221; global_colors_info=&#8221;{}&#8221; theme_builder_area=&#8221;post_content&#8221;][\/et_pb_image][\/et_pb_column][et_pb_column type=&#8221;1_4&#8243; _builder_version=&#8221;4.16&#8243; _module_preset=&#8221;default&#8221; global_colors_info=&#8221;{}&#8221; theme_builder_area=&#8221;post_content&#8221;][et_pb_text _builder_version=&#8221;4.17.4&#8243; _module_preset=&#8221;default&#8221; global_colors_info=&#8221;{}&#8221; theme_builder_area=&#8221;post_content&#8221;]<\/p>\n<div>\n<h3 itemprop=\"headline\">Sliding anchor<\/h3>\n<div>\n<div>The sliding anchor is height adjustable and because of that it is flexible in using different cars with different wheel hub heights. For adjustment of the wheel base the position of the sliding anchor is adjustable on the rail system.<\/div>\n<div>Therby it is a high flexible and safe system.<\/div>\n<div><\/div>\n<\/div>\n<\/div>\n<section itemscope=\"itemscope\" itemtype=\"https:\/\/schema.org\/CreativeWork\">\n<div itemprop=\"text\"><\/div>\n<\/section>\n<p>[\/et_pb_text][\/et_pb_column][et_pb_column type=&#8221;1_4&#8243; _builder_version=&#8221;4.16&#8243; _module_preset=&#8221;default&#8221; global_colors_info=&#8221;{}&#8221; theme_builder_area=&#8221;post_content&#8221;][et_pb_image src=&#8221;https:\/\/www.s-bleyer-gmbh.de\/wp-content\/uploads\/Stangenverbindung-Lager-Felgenadapter-Uebersicht.jpg&#8221; title_text=&#8221;Stangenverbindung Lager Felgenadapter \u00dcbersicht&#8221; show_in_lightbox=&#8221;on&#8221; align=&#8221;center&#8221; _builder_version=&#8221;4.17.3&#8243; _module_preset=&#8221;default&#8221; module_alignment=&#8221;center&#8221; max_height=&#8221;1000px&#8221; custom_css_main_element=&#8221;float:left;||margin-right: 25px;&#8221; global_colors_info=&#8221;{}&#8221; theme_builder_area=&#8221;post_content&#8221;][dnxte_divider dnext_sid_use_icon=&#8221;on&#8221; dnext_sid_img=&#8221;https:\/\/www.s-bleyer-gmbh.de\/wp-content\/uploads\/2021\/01\/favicon-bleyer-gmbh.png&#8221; dnext_sid_divider_color=&#8221;#0A97BD&#8221; _builder_version=&#8221;4.16&#8243; _module_preset=&#8221;default&#8221; custom_margin=&#8221;20px||20px||true|false&#8221; locked=&#8221;off&#8221; global_colors_info=&#8221;{}&#8221; theme_builder_area=&#8221;post_content&#8221;][\/dnxte_divider][\/et_pb_image][\/et_pb_column][et_pb_column type=&#8221;1_4&#8243; _builder_version=&#8221;4.16&#8243; _module_preset=&#8221;default&#8221; global_colors_info=&#8221;{}&#8221; theme_builder_area=&#8221;post_content&#8221;][et_pb_text _builder_version=&#8221;4.17.3&#8243; _module_preset=&#8221;default&#8221; global_colors_info=&#8221;{}&#8221; theme_builder_area=&#8221;post_content&#8221;]<\/p>\n<div class=\"flex_column av_two_third  flex_column_div av-zero-column-padding   avia-builder-el-18  el_after_av_one_third  el_before_av_one_third  column-top-margin\" style=\"border-radius: 0px;\">\n<div style=\"padding-bottom: 10px;\" class=\"av-special-heading av-special-heading-h3    avia-builder-el-19  el_before_av_textblock  avia-builder-el-first  \">\n<h3 class=\"av-special-heading-tag \" itemprop=\"headline\">Fixation bearing and connections<\/h3>\n<p>1. Diagonal wheel hub rod<br \/>2. Ball lock pin<br \/>3. Wheel hub rod<br \/>4. and 5. handling aid<br \/>6. Wheel rim adaptor<br \/>7. Thread adaptor<br \/>8. Fixation bearing<\/p>\n<\/div>\n<section class=\"av_textblock_section \" itemscope=\"itemscope\" itemtype=\"https:\/\/schema.org\/CreativeWork\"><\/section>\n<\/div>\n<p>[\/et_pb_text][\/et_pb_column][\/et_pb_row][\/et_pb_section]<\/p>\n","protected":false},"excerpt":{"rendered":"<p>Wheel hub fixation for vehicles over 3.5 t up to 7.5 t\u00a0Introduction These variant of the vehicle fixation is a larger version of our car wheel hub fixation.It is usable for vehicles over 3.5 t up to 7.5t maximum permissible weight. The connection is performed over the wheel hub and rim. The wheel bolts must [&hellip;]<\/p>\n","protected":false},"author":8,"featured_media":0,"parent":279279,"menu_order":36,"comment_status":"closed","ping_status":"closed","template":"","meta":{"_acf_changed":false,"_et_pb_use_builder":"on","_et_pb_old_content":"","_et_gb_content_width":"","footnotes":""},"class_list":["post-281484","page","type-page","status-publish","hentry"],"acf":[],"_links":{"self":[{"href":"https:\/\/www.s-bleyer-gmbh.de\/en\/wp-json\/wp\/v2\/pages\/281484","targetHints":{"allow":["GET"]}}],"collection":[{"href":"https:\/\/www.s-bleyer-gmbh.de\/en\/wp-json\/wp\/v2\/pages"}],"about":[{"href":"https:\/\/www.s-bleyer-gmbh.de\/en\/wp-json\/wp\/v2\/types\/page"}],"author":[{"embeddable":true,"href":"https:\/\/www.s-bleyer-gmbh.de\/en\/wp-json\/wp\/v2\/users\/8"}],"replies":[{"embeddable":true,"href":"https:\/\/www.s-bleyer-gmbh.de\/en\/wp-json\/wp\/v2\/comments?post=281484"}],"version-history":[{"count":10,"href":"https:\/\/www.s-bleyer-gmbh.de\/en\/wp-json\/wp\/v2\/pages\/281484\/revisions"}],"predecessor-version":[{"id":285713,"href":"https:\/\/www.s-bleyer-gmbh.de\/en\/wp-json\/wp\/v2\/pages\/281484\/revisions\/285713"}],"up":[{"embeddable":true,"href":"https:\/\/www.s-bleyer-gmbh.de\/en\/wp-json\/wp\/v2\/pages\/279279"}],"wp:attachment":[{"href":"https:\/\/www.s-bleyer-gmbh.de\/en\/wp-json\/wp\/v2\/media?parent=281484"}],"curies":[{"name":"wp","href":"https:\/\/api.w.org\/{rel}","templated":true}]}}